{"id":111,"date":"2016-09-03T23:46:14","date_gmt":"2016-09-03T23:46:14","guid":{"rendered":"http:\/\/dev.maerkerwald-schule-urbach.de\/?page_id=111"},"modified":"2021-02-20T22:33:44","modified_gmt":"2021-02-20T21:33:44","slug":"ueber-uns","status":"publish","type":"page","link":"https:\/\/www.maerkerwald-schule-urbach.de\/?page_id=111","title":{"rendered":"\u00dcber uns"},"content":{"rendered":"\n<p>Die M\u00e4rkerwald-Schule liegt in der Ortsgemeinde Urbach im Westerwald. Sie ist eine zweiz\u00fcgige volle Halbtagsschule mit einer Betreuung bis max. 16.00 Uhr. Die Schule ist zertifizierte BNE Schule (Bildung f\u00fcr nachhaltige Entwicklung). Ein weiterer Schwerpunkt der Schule liegt in der Lesef\u00f6rderung. Seit einigen Jahren nimmt die Schule am Projekt \u201aBiSS Lesen macht stark\u2018 teil. Seit diesem Schuljahr geh\u00f6rt auch die Lesef\u00f6rderung \u00fcber \u201a<a href=\"https:\/\/www.westermanngruppe.de\/detailansicht\/lesefoerderportal-antolin-bietet-jetzt-mehr-als-100000-quiz-saetze\/\">Antolin<\/a>\u2018 zum Schulprogramm.<\/p>\n\n\n\n<div class=\"wp-block-columns is-layout-flex wp-container-core-columns-is-layout-9d6595d7 wp-block-columns-is-layout-flex\">\n<div class=\"wp-block-column is-vertically-aligned-top is-layout-flow wp-block-column-is-layout-flow\"><\/div>\n<\/div>\n\n\n\n<div class=\"wp-block-image\"><figure class=\"alignright\"><a href=\"https:\/\/nachhaltigkeit.bildung-rp.de\/schur.html\"><img decoding=\"async\" src=\"https:\/\/nachhaltigkeit.bildung-rp.de\/fileadmin\/cdrlp\/pixels\/logos\/bne-rlp-2018.gif\" alt=\"Nachhaltigkeit\" title=\"Nachhaltigkeit\"\/><\/a><\/figure><\/div>\n\n\n\n<figure class=\"wp-block-image\"><a href=\"https:\/\/biss.bildung-rp.de\/biss-lesen-primarstufe.html\"><img decoding=\"async\" src=\"https:\/\/biss.bildung-rp.de\/fileadmin\/cdrlp\/pixels\/logos\/biss.gif\" alt=\"Bildung durch Sprache und Schrift\" title=\"Bildung durch Sprache und Schrift\"\/><\/a><\/figure>\n\n\n\n<p><\/p>\n","protected":false},"excerpt":{"rendered":"<p>Die M\u00e4rkerwald-Schule liegt in der Ortsgemeinde Urbach im Westerwald. Sie ist eine zweiz\u00fcgige volle Halbtagsschule mit einer Betreuung bis max. 16.00 Uhr. Die Schule ist zertifizierte BNE Schule (Bildung f\u00fcr nachhaltige Entwicklung). Ein weiterer Schwerpunkt der Schule liegt in der Lesef\u00f6rderung. Seit einigen Jahren nimmt die Schule am Projekt \u201aBiSS Lesen macht stark\u2018 teil. Seit &hellip; <\/p>\n<p class=\"link-more\"><a href=\"https:\/\/www.maerkerwald-schule-urbach.de\/?page_id=111\" class=\"more-link\"><span class=\"screen-reader-text\">\u201e\u00dcber uns\u201c <\/span>weiterlesen<\/a><\/p>\n","protected":false},"author":7,"featured_media":0,"parent":0,"menu_order":0,"comment_status":"closed","ping_status":"closed","template":"","meta":{"footnotes":""},"class_list":["post-111","page","type-page","status-publish","hentry"],"_links":{"self":[{"href":"https:\/\/www.maerkerwald-schule-urbach.de\/index.php?rest_route=\/wp\/v2\/pages\/111","targetHints":{"allow":["GET"]}}],"collection":[{"href":"https:\/\/www.maerkerwald-schule-urbach.de\/index.php?rest_route=\/wp\/v2\/pages"}],"about":[{"href":"https:\/\/www.maerkerwald-schule-urbach.de\/index.php?rest_route=\/wp\/v2\/types\/page"}],"author":[{"embeddable":true,"href":"https:\/\/www.maerkerwald-schule-urbach.de\/index.php?rest_route=\/wp\/v2\/users\/7"}],"replies":[{"embeddable":true,"href":"https:\/\/www.maerkerwald-schule-urbach.de\/index.php?rest_route=%2Fwp%2Fv2%2Fcomments&post=111"}],"version-history":[{"count":6,"href":"https:\/\/www.maerkerwald-schule-urbach.de\/index.php?rest_route=\/wp\/v2\/pages\/111\/revisions"}],"predecessor-version":[{"id":975,"href":"https:\/\/www.maerkerwald-schule-urbach.de\/index.php?rest_route=\/wp\/v2\/pages\/111\/revisions\/975"}],"wp:attachment":[{"href":"https:\/\/www.maerkerwald-schule-urbach.de\/index.php?rest_route=%2Fwp%2Fv2%2Fmedia&parent=111"}],"curies":[{"name":"wp","href":"https:\/\/api.w.org\/{rel}","templated":true}]}}