{"id":1501,"date":"2023-01-02T17:23:01","date_gmt":"2023-01-02T16:23:01","guid":{"rendered":"https:\/\/www.maerkerwald-schule-urbach.de\/?page_id=1501"},"modified":"2025-08-07T12:06:31","modified_gmt":"2025-08-07T11:06:31","slug":"allgemeines-2","status":"publish","type":"page","link":"https:\/\/www.maerkerwald-schule-urbach.de\/?page_id=1501","title":{"rendered":"Allgemeines"},"content":{"rendered":"\n<h2 class=\"wp-block-heading\"><strong>Allgemeine Informationen zur Schule<\/strong><\/h2>\n\n\n\n<p>Im Schuljahr 2024\/25 hat die M\u00e4rkerwald-Schule neun Klassen mit 164 Sch\u00fclerinnen und Sch\u00fclern. Die Kinder kommen aus den folgenden Orten der Verbandsgemeinde Puderbach: Dernbach, Harschbach, Linkenbach, Niederhofen und Urbach (Kirchdorf und \u00dcberdorf).<\/p>\n\n\n\n<p>Im Schulgeb\u00e4ude sind neben den Klassenr\u00e4umen und den Verwaltungsr\u00e4umen eine gut ausgestattete, aktualisierte Bibliothek, ein Werkraum, ein Besprechungsraum und die Betreuungsr\u00e4ume untergebracht. Seit Beginn des Schuljahres 21\/22 ist die Bibliothek mit einer digitalen Ausleihe ausgestattet. Die Klassenr\u00e4ume verf\u00fcgen entweder \u00fcber ein Smartboard oder eine digitale Tafel. Im Zuge des Digitalpakts ist die Schule nun mit WLAN in allen R\u00e4umen und auf dem Schulgel\u00e4nde ausgestattet. Eine ausreichende Anzahl Tablets \u2013 die stetig erweitert wird und mit grundschulgerechten Apps versehen ist \u2013 steht den Sch\u00fcler:innen zur Verf\u00fcgung. Der Betreuungsraum wurde den aktuellen Gegebenheiten angepasst und die darin enthaltene K\u00fcche \u2013 dank unserem F\u00f6rderverein \u2013 modernisiert. Sie steht auch am Vormittag den Sch\u00fcler*innen zur Verf\u00fcgung. Seit dem Schuljahr 21\/22 ist der Betreuungsraum mit einer Luftfilteranlage ausgestattet.<\/p>\n\n\n\n<p>Direkt angeschlossen an den Pausenhof befindet sich die Mehrzweckhalle, die eine gro\u00dfz\u00fcgige Turnhalle enth\u00e4lt. Zudem k\u00f6nnen wir jederzeit den Sportplatz f\u00fcr unseren Unterricht nutzen.<\/p>\n\n\n\n<p>Gen\u00fcgend Bewegungsfl\u00e4che erm\u00f6glichen den Sch\u00fcler:innen eine altersgem\u00e4\u00dfe Besch\u00e4ftigung. Es gibt einen Spielger\u00e4teraum. In der gro\u00dfen Pause k\u00f6nnen die Kinder dort Spielger\u00e4te ausleihen.&nbsp; Im Foyer steht ein Kicker. In jeder Woche darf der Kicker von einer Klasse genutzt werden.<\/p>\n\n\n\n<p>Somit erm\u00f6glichen die \u00e4u\u00dferen Gegebenheiten der M\u00e4rkerwald-Schule einen kindgem\u00e4\u00dfen Unterricht.<\/p>\n\n\n\n<p class=\"has-medium-font-size\"><strong>Kollegium (Schuljahr 2024\/25):<\/strong><\/p>\n\n\n\n<p><strong>Klasse 1a <\/strong>Steffi Stienen KL<\/p>\n\n\n\n<p><strong>Klasse 1b <\/strong> Annette Niewerth KL<\/p>\n\n\n\n<p><strong>Klasse 2a <\/strong>Sarina Schramm KL<\/p>\n\n\n\n<p><strong>Klasse 2b <\/strong>Barbara Koglin KL<\/p>\n\n\n\n<p><strong>Klasse 2c<\/strong> Lisa Cremer KL<\/p>\n\n\n\n<p><strong>Klasse 3a<\/strong> M\u00fcr\u00fcvvet T\u00fcrk KL<\/p>\n\n\n\n<p><strong>Klasse 3b <\/strong>Melanie Fr\u00f6mberg KL<\/p>\n\n\n\n<p><strong>Klasse 4a <\/strong>Katja Hoffmann KL<\/p>\n\n\n\n<p><strong>Klasse 4b <\/strong>Sven Schw\u00e4be KL<\/p>\n\n\n\n<p><\/p>\n\n\n\n<p>Hanna Kornilenko Sprachf\u00f6rderlehrerin<\/p>\n\n\n\n<p>Johann Siebert mennonitischer Religionslehrer<\/p>\n\n\n\n<p>Birgit Musubahu PES Kr\u00e4fte<\/p>\n\n\n\n<p>Birgit Musubahu Qualifizierte Hausaufgabenhilfe<\/p>\n\n\n\n<p><strong>Schulleitung und Verwaltung:<\/strong><\/p>\n\n\n\n<p>Christine Sander, <strong>Schulleiterin<\/strong><\/p>\n\n\n\n<p>Sabine Kuhl, <strong>Schulsekret\u00e4rin<\/strong><\/p>\n\n\n\n<p>Klaus Noll, <strong>Hausmeister<\/strong><\/p>\n\n\n\n<p><em>Erkl\u00e4rungen:<\/em><\/p>\n\n\n\n<p>KL= Klassenleitung<\/p>\n\n\n\n<p>FL= Fachlehrer:in<\/p>\n\n\n\n<p>LAA= Lehramtsanw\u00e4rter:in<\/p>\n","protected":false},"excerpt":{"rendered":"<p>Allgemeine Informationen zur Schule Im Schuljahr 2024\/25 hat die M\u00e4rkerwald-Schule neun Klassen mit 164 Sch\u00fclerinnen und Sch\u00fclern. Die Kinder kommen aus den folgenden Orten der Verbandsgemeinde Puderbach: Dernbach, Harschbach, Linkenbach, Niederhofen und Urbach (Kirchdorf und \u00dcberdorf). Im Schulgeb\u00e4ude sind neben den Klassenr\u00e4umen und den Verwaltungsr\u00e4umen eine gut ausgestattete, aktualisierte Bibliothek, ein Werkraum, ein Besprechungsraum und &hellip; <\/p>\n<p class=\"link-more\"><a href=\"https:\/\/www.maerkerwald-schule-urbach.de\/?page_id=1501\" class=\"more-link\"><span class=\"screen-reader-text\">\u201eAllgemeines\u201c <\/span>weiterlesen<\/a><\/p>\n","protected":false},"author":8,"featured_media":0,"parent":111,"menu_order":0,"comment_status":"closed","ping_status":"closed","template":"","meta":{"footnotes":""},"class_list":["post-1501","page","type-page","status-publish","hentry"],"_links":{"self":[{"href":"https:\/\/www.maerkerwald-schule-urbach.de\/index.php?rest_route=\/wp\/v2\/pages\/1501","targetHints":{"allow":["GET"]}}],"collection":[{"href":"https:\/\/www.maerkerwald-schule-urbach.de\/index.php?rest_route=\/wp\/v2\/pages"}],"about":[{"href":"https:\/\/www.maerkerwald-schule-urbach.de\/index.php?rest_route=\/wp\/v2\/types\/page"}],"author":[{"embeddable":true,"href":"https:\/\/www.maerkerwald-schule-urbach.de\/index.php?rest_route=\/wp\/v2\/users\/8"}],"replies":[{"embeddable":true,"href":"https:\/\/www.maerkerwald-schule-urbach.de\/index.php?rest_route=%2Fwp%2Fv2%2Fcomments&post=1501"}],"version-history":[{"count":8,"href":"https:\/\/www.maerkerwald-schule-urbach.de\/index.php?rest_route=\/wp\/v2\/pages\/1501\/revisions"}],"predecessor-version":[{"id":1754,"href":"https:\/\/www.maerkerwald-schule-urbach.de\/index.php?rest_route=\/wp\/v2\/pages\/1501\/revisions\/1754"}],"up":[{"embeddable":true,"href":"https:\/\/www.maerkerwald-schule-urbach.de\/index.php?rest_route=\/wp\/v2\/pages\/111"}],"wp:attachment":[{"href":"https:\/\/www.maerkerwald-schule-urbach.de\/index.php?rest_route=%2Fwp%2Fv2%2Fmedia&parent=1501"}],"curies":[{"name":"wp","href":"https:\/\/api.w.org\/{rel}","templated":true}]}}