{"id":1704,"date":"2024-10-31T09:32:51","date_gmt":"2024-10-31T08:32:51","guid":{"rendered":"https:\/\/www.maerkerwald-schule-urbach.de\/?page_id=1704"},"modified":"2025-10-06T11:30:39","modified_gmt":"2025-10-06T10:30:39","slug":"weiterfuehrende-schulen","status":"publish","type":"page","link":"https:\/\/www.maerkerwald-schule-urbach.de\/?page_id=1704","title":{"rendered":"weiterf\u00fchrende Schulen"},"content":{"rendered":"\n<p><\/p>\n\n\n\n<p><\/p>\n\n\n\n<div class=\"wp-block-buttons is-content-justification-space-between is-layout-flex wp-container-core-buttons-is-layout-3d213aab wp-block-buttons-is-layout-flex\">\n<div class=\"wp-block-button\"><a class=\"wp-block-button__link wp-element-button\" href=\"https:\/\/bm.rlp.de\/schule\/bildungswege\">Link: Information &#8222;Bildungswege RLP&#8220;<\/a><\/div>\n\n\n\n<div class=\"wp-block-button\"><a class=\"wp-block-button__link wp-element-button\" href=\"https:\/\/www.kreis-neuwied.de\/kv_neuwied\/Home\/Leben%20im%20Kreis\/Schulen%20-%20Bildung%20-%20Weiterbildung\/Schulen\/Schulwegweiser\/\">Link: Schulwegweiser Landkreis Neuwied<\/a><\/div>\n<\/div>\n\n\n\n<p><\/p>\n\n\n\n<div class=\"wp-block-buttons is-content-justification-space-between is-layout-flex wp-container-core-buttons-is-layout-b9b75ed2 wp-block-buttons-is-layout-flex\">\n<div class=\"wp-block-button is-style-fill\"><a class=\"wp-block-button__link has-light-green-cyan-background-color has-background wp-element-button\" href=\"https:\/\/www.rsplus.org\/\">Link: Realschule plus Puderbach<\/a><\/div>\n<\/div>\n\n\n\n<p>Tag der offenen T\u00fcr:&nbsp;&nbsp; Samstag,&nbsp; 29.11.2025, 10:00-13:30 Uhr<\/p>\n\n\n\n<div class=\"wp-block-buttons is-layout-flex wp-block-buttons-is-layout-flex\">\n<div class=\"wp-block-button\"><a class=\"wp-block-button__link has-light-green-cyan-background-color has-background wp-element-button\" href=\"https:\/\/nelson-mandela-realschule.de\/\">Link: Realschule plus Dierdorf <\/a><\/div>\n<\/div>\n\n\n\n<p>Tag der offenen T\u00fcr:&nbsp;&nbsp; Samstag,&nbsp; 22.11.2025<\/p>\n\n\n\n<div class=\"wp-block-buttons is-layout-flex wp-block-buttons-is-layout-flex\">\n<div class=\"wp-block-button\"><a class=\"wp-block-button__link has-light-green-cyan-background-color has-background wp-element-button\" href=\"https:\/\/rsplus-altenkirchen.de\/\">Link: Realschule plus Altenkirchen<\/a><\/div>\n<\/div>\n\n\n\n<p>Info-Nachmittag:  27.11.2025, ab 14:00 Uhr<\/p>\n\n\n\n<div class=\"wp-block-buttons is-layout-flex wp-block-buttons-is-layout-flex\">\n<div class=\"wp-block-button\"><a class=\"wp-block-button__link has-pale-cyan-blue-background-color has-background wp-element-button\" href=\"https:\/\/www.mbgdierdorf.de\/\">Link: Gymnasium Dierdorf<\/a><\/div>\n<\/div>\n\n\n\n<p><\/p>\n\n\n\n<p>Tag der offenen T\u00fcr:&nbsp;&nbsp; Samstag,&nbsp; 15.11.2025, 9:00 &#8211; 13:00 Uhr<\/p>\n\n\n\n<p><a href=\"https:\/\/www.holzbachtalschule.de\/app\/download\/13167782087\/Infoblatt+MBG+Dierdorf+2025.pdf?t=1729013366\"><\/a><\/p>\n\n\n\n<p>Informationen Gymnasium Dierdorf<\/p>\n\n\n\n<div class=\"wp-block-file\"><a id=\"wp-block-file--media-8ee050d7-b8f9-4fe3-8ff6-afa858d67d54\" href=\"https:\/\/www.maerkerwald-schule-urbach.de\/wp-content\/uploads\/2025\/10\/TdoT-GymDierdorf.jpeg\">Flayer <\/a><a href=\"https:\/\/www.maerkerwald-schule-urbach.de\/wp-content\/uploads\/2025\/10\/TdoT-GymDierdorf.jpeg\" class=\"wp-block-file__button wp-element-button\" download aria-describedby=\"wp-block-file--media-8ee050d7-b8f9-4fe3-8ff6-afa858d67d54\">Herunterladen<\/a><\/div>\n\n\n\n\n\n\n\n\n\n\n\n<div class=\"wp-block-buttons is-layout-flex wp-block-buttons-is-layout-flex\">\n<div class=\"wp-block-button\"><a class=\"wp-block-button__link has-pale-cyan-blue-background-color has-background wp-element-button\" href=\"https:\/\/www.westerwald-gymnasium.de\/\">Link: Gymnasium Altenkirchen<\/a><\/div>\n<\/div>\n\n\n\n<p>Tag der offenen T\u00fcr:&nbsp;&nbsp; Samstag, 22.11.2024,&nbsp; 9:00-13:00 Uhr<\/p>\n\n\n\n<p><a href=\"https:\/\/www.holzbachtalschule.de\/app\/download\/13167780987\/Tag+der+offenen+T%C3%BCr+Westerwald-Gymnasium.pdf?t=1729013366\"><\/a><\/p>\n\n\n\n<p>Einladung Tag der offenen T\u00fcr Gymnasium Altenkirchen<\/p>\n\n\n\n<div class=\"wp-block-file\"><a id=\"wp-block-file--media-dd28c99f-8861-4194-af4d-1de2c5365661\" href=\"https:\/\/www.maerkerwald-schule-urbach.de\/wp-content\/uploads\/2025\/10\/TdoTGymnAltenkirchen.jpeg\">TdoTGymnAltenkirchen<\/a><a href=\"https:\/\/www.maerkerwald-schule-urbach.de\/wp-content\/uploads\/2025\/10\/TdoTGymnAltenkirchen.jpeg\" class=\"wp-block-file__button wp-element-button\" download aria-describedby=\"wp-block-file--media-dd28c99f-8861-4194-af4d-1de2c5365661\">Herunterladen<\/a><\/div>\n\n\n\n<p><\/p>\n\n\n\n<div class=\"wp-block-buttons is-layout-flex wp-block-buttons-is-layout-flex\">\n<div class=\"wp-block-button\"><a class=\"wp-block-button__link has-pale-cyan-blue-background-color has-background wp-element-button\" href=\"https:\/\/www.raiffeisen-campus.de\/\">Link:  Raiffeisen-Campus, Dernbach<\/a><\/div>\n<\/div>\n\n\n\n<p>Informationsabend:&nbsp;&nbsp; Mittwoch, 08.10.2025, 18:30 &#8211; 20:00 Uhr<\/p>\n\n\n\n<p>Tag der offenen T\u00fcr:&nbsp;&nbsp; Samstag, 15.11.2025, 10:00-14:00 Uhr<\/p>\n\n\n\n<div class=\"wp-block-buttons is-layout-flex wp-block-buttons-is-layout-flex\">\n<div class=\"wp-block-button\"><a class=\"wp-block-button__link has-luminous-vivid-amber-background-color has-background wp-element-button\" href=\"https:\/\/igs-horhausen-online.de\/\">Link: Integrierte Gesamtschule Horhausen<\/a><\/div>\n<\/div>\n\n\n\n<p>Tag der offenen T\u00fcr:&nbsp;&nbsp; Samstag, 29.11.2025,&nbsp; <\/p>\n\n\n\n<p><\/p>\n\n\n\n<div class=\"wp-block-buttons is-layout-flex wp-block-buttons-is-layout-flex\">\n<div class=\"wp-block-button\"><a class=\"wp-block-button__link has-luminous-vivid-amber-background-color has-background wp-element-button\" href=\"https:\/\/www.igsneuwied.de\/\">Link: Integrierte Gesamtschule Neuwied<\/a><\/div>\n<\/div>\n\n\n\n<p><\/p>\n\n\n\n<p><\/p>\n\n\n\n<div class=\"wp-block-buttons is-layout-flex wp-block-buttons-is-layout-flex\">\n<div class=\"wp-block-button\"><a class=\"wp-block-button__link has-luminous-vivid-amber-background-color has-background wp-element-button\" href=\"https:\/\/www.igs-selters.de\/igs.html\">Link: Integrierte Gesamtschule Selters<\/a><\/div>\n<\/div>\n\n\n\n<p>Tag der offenen T\u00fcr:&nbsp;&nbsp; Samstag, 08.11.2025<\/p>\n\n\n\n<p>Informationsabend:&nbsp;&nbsp; <\/p>\n\n\n\n<div class=\"wp-block-file\"><a id=\"wp-block-file--media-9fffb416-d3a1-471b-bcea-790bc44fc332\" href=\"https:\/\/www.maerkerwald-schule-urbach.de\/wp-content\/uploads\/2024\/10\/Infos-IGS-Selters-4.-Klassen24_25.pdf\">Infos IGS Selters (4. Klassen)24_25<\/a><a href=\"https:\/\/www.maerkerwald-schule-urbach.de\/wp-content\/uploads\/2024\/10\/Infos-IGS-Selters-4.-Klassen24_25.pdf\" class=\"wp-block-file__button wp-element-button\" download aria-describedby=\"wp-block-file--media-9fffb416-d3a1-471b-bcea-790bc44fc332\">Herunterladen<\/a><\/div>\n\n\n\n<p><\/p>\n","protected":false},"excerpt":{"rendered":"<p>Tag der offenen T\u00fcr:&nbsp;&nbsp; Samstag,&nbsp; 29.11.2025, 10:00-13:30 Uhr Tag der offenen T\u00fcr:&nbsp;&nbsp; Samstag,&nbsp; 22.11.2025 Info-Nachmittag: 27.11.2025, ab 14:00 Uhr Tag der offenen T\u00fcr:&nbsp;&nbsp; Samstag,&nbsp; 15.11.2025, 9:00 &#8211; 13:00 Uhr Informationen Gymnasium Dierdorf Tag der offenen T\u00fcr:&nbsp;&nbsp; Samstag, 22.11.2024,&nbsp; 9:00-13:00 Uhr Einladung Tag der offenen T\u00fcr Gymnasium Altenkirchen Informationsabend:&nbsp;&nbsp; Mittwoch, 08.10.2025, 18:30 &#8211; 20:00 Uhr Tag &hellip; <\/p>\n<p class=\"link-more\"><a href=\"https:\/\/www.maerkerwald-schule-urbach.de\/?page_id=1704\" class=\"more-link\"><span class=\"screen-reader-text\">\u201eweiterf\u00fchrende Schulen\u201c <\/span>weiterlesen<\/a><\/p>\n","protected":false},"author":8,"featured_media":0,"parent":63,"menu_order":2,"comment_status":"closed","ping_status":"closed","template":"","meta":{"footnotes":""},"class_list":["post-1704","page","type-page","status-publish","hentry"],"_links":{"self":[{"href":"https:\/\/www.maerkerwald-schule-urbach.de\/index.php?rest_route=\/wp\/v2\/pages\/1704","targetHints":{"allow":["GET"]}}],"collection":[{"href":"https:\/\/www.maerkerwald-schule-urbach.de\/index.php?rest_route=\/wp\/v2\/pages"}],"about":[{"href":"https:\/\/www.maerkerwald-schule-urbach.de\/index.php?rest_route=\/wp\/v2\/types\/page"}],"author":[{"embeddable":true,"href":"https:\/\/www.maerkerwald-schule-urbach.de\/index.php?rest_route=\/wp\/v2\/users\/8"}],"replies":[{"embeddable":true,"href":"https:\/\/www.maerkerwald-schule-urbach.de\/index.php?rest_route=%2Fwp%2Fv2%2Fcomments&post=1704"}],"version-history":[{"count":20,"href":"https:\/\/www.maerkerwald-schule-urbach.de\/index.php?rest_route=\/wp\/v2\/pages\/1704\/revisions"}],"predecessor-version":[{"id":1778,"href":"https:\/\/www.maerkerwald-schule-urbach.de\/index.php?rest_route=\/wp\/v2\/pages\/1704\/revisions\/1778"}],"up":[{"embeddable":true,"href":"https:\/\/www.maerkerwald-schule-urbach.de\/index.php?rest_route=\/wp\/v2\/pages\/63"}],"wp:attachment":[{"href":"https:\/\/www.maerkerwald-schule-urbach.de\/index.php?rest_route=%2Fwp%2Fv2%2Fmedia&parent=1704"}],"curies":[{"name":"wp","href":"https:\/\/api.w.org\/{rel}","templated":true}]}}