{"id":22,"date":"2016-09-03T14:09:58","date_gmt":"2016-09-03T13:09:58","guid":{"rendered":"http:\/\/dev.maerkerwald-schule-urbach.de\/?page_id=22"},"modified":"2021-08-06T06:26:09","modified_gmt":"2021-08-06T05:26:09","slug":"volle-halbtagsschule","status":"publish","type":"page","link":"https:\/\/www.maerkerwald-schule-urbach.de\/?page_id=22","title":{"rendered":"Volle Halbtagsschule"},"content":{"rendered":"<p>Unsere Grundschule ist eine Volle Halbtagsschule. Es gibt verl\u00e4ssliche Zeiten, in denen Ihre Kinder in der Schule sind (siehe Unterrichtszeiten). Dennoch kann es sein, dass aufgrund von Krankheit, Fortbildung der Lehrer*innen oder der aktuellen Corona-Pandemie auch einmal Unterricht ausfallen kann. In so einem Fall werden wir Sie so fr\u00fchzeitig wie m\u00f6glich informieren. Sollten Sie aber ein Problem haben, selbst f\u00fcr eine Betreuung zu sorgen, dann k\u00f6nnen Sie Ihr Kind nach R\u00fccksprache zur Schule schicken.<\/p>\n","protected":false},"excerpt":{"rendered":"<p>Unsere Grundschule ist eine Volle Halbtagsschule. Es gibt verl\u00e4ssliche Zeiten, in denen Ihre Kinder in der Schule sind (siehe Unterrichtszeiten). Dennoch kann es sein, dass aufgrund von Krankheit, Fortbildung der Lehrer*innen oder der aktuellen Corona-Pandemie auch einmal Unterricht ausfallen kann. In so einem Fall werden wir Sie so fr\u00fchzeitig wie m\u00f6glich informieren. Sollten Sie aber &hellip; <\/p>\n<p class=\"link-more\"><a href=\"https:\/\/www.maerkerwald-schule-urbach.de\/?page_id=22\" class=\"more-link\"><span class=\"screen-reader-text\">\u201eVolle Halbtagsschule\u201c <\/span>weiterlesen<\/a><\/p>\n","protected":false},"author":7,"featured_media":0,"parent":111,"menu_order":0,"comment_status":"closed","ping_status":"closed","template":"","meta":{"footnotes":""},"class_list":["post-22","page","type-page","status-publish","hentry"],"_links":{"self":[{"href":"https:\/\/www.maerkerwald-schule-urbach.de\/index.php?rest_route=\/wp\/v2\/pages\/22","targetHints":{"allow":["GET"]}}],"collection":[{"href":"https:\/\/www.maerkerwald-schule-urbach.de\/index.php?rest_route=\/wp\/v2\/pages"}],"about":[{"href":"https:\/\/www.maerkerwald-schule-urbach.de\/index.php?rest_route=\/wp\/v2\/types\/page"}],"author":[{"embeddable":true,"href":"https:\/\/www.maerkerwald-schule-urbach.de\/index.php?rest_route=\/wp\/v2\/users\/7"}],"replies":[{"embeddable":true,"href":"https:\/\/www.maerkerwald-schule-urbach.de\/index.php?rest_route=%2Fwp%2Fv2%2Fcomments&post=22"}],"version-history":[{"count":5,"href":"https:\/\/www.maerkerwald-schule-urbach.de\/index.php?rest_route=\/wp\/v2\/pages\/22\/revisions"}],"predecessor-version":[{"id":1167,"href":"https:\/\/www.maerkerwald-schule-urbach.de\/index.php?rest_route=\/wp\/v2\/pages\/22\/revisions\/1167"}],"up":[{"embeddable":true,"href":"https:\/\/www.maerkerwald-schule-urbach.de\/index.php?rest_route=\/wp\/v2\/pages\/111"}],"wp:attachment":[{"href":"https:\/\/www.maerkerwald-schule-urbach.de\/index.php?rest_route=%2Fwp%2Fv2%2Fmedia&parent=22"}],"curies":[{"name":"wp","href":"https:\/\/api.w.org\/{rel}","templated":true}]}}