{"id":25,"date":"2016-09-03T14:10:20","date_gmt":"2016-09-03T13:10:20","guid":{"rendered":"http:\/\/dev.maerkerwald-schule-urbach.de\/?page_id=25"},"modified":"2023-09-08T09:23:57","modified_gmt":"2023-09-08T08:23:57","slug":"betreuende-grundschule","status":"publish","type":"page","link":"https:\/\/www.maerkerwald-schule-urbach.de\/?page_id=25","title":{"rendered":"Betreuende Grundschule"},"content":{"rendered":"<h4>Die Angebote der betreuenden Grundschule stehen allen Kindern zur Verf\u00fcgung.<\/h4>\n<p>Nach Schulende k\u00f6nnen die Kinder t\u00e4glich bis 13.00 Uhr\/ 14.00 Uhr\/ 15.00 oder bis 16.00 Uhr in der Schule betreut werden. Frau Goebel steht als ausgebildete Erzieherin den Kindern zur Verf\u00fcgung. Sie arbeitet gemeinsam mit Frau Puchert-Stephan und Frau Runkel im Betreuungsteam.<\/p>\n<p>Der Bustransport ist bis 13.00 Uhr gew\u00e4hrleistet. Danach m\u00fcssen die Kinder abgeholt werden.<\/p>\n<p>Seit diesem Schuljahr werden die Anmeldungsformulare im Fr\u00fchjahr an alle Eltern gesandt. Dann k\u00f6nnen die Kinder angemeldet werden. Im Schuljahr 23-24 sind alle Pl\u00e4tze in unserer Betreuung belegt.<\/p>\n<p><strong>\u00a0<\/strong><\/p>\n","protected":false},"excerpt":{"rendered":"<p>Die Angebote der betreuenden Grundschule stehen allen Kindern zur Verf\u00fcgung. Nach Schulende k\u00f6nnen die Kinder t\u00e4glich bis 13.00 Uhr\/ 14.00 Uhr\/ 15.00 oder bis 16.00 Uhr in der Schule betreut werden. Frau Goebel steht als ausgebildete Erzieherin den Kindern zur Verf\u00fcgung. Sie arbeitet gemeinsam mit Frau Puchert-Stephan und Frau Runkel im Betreuungsteam. Der Bustransport ist &hellip; <\/p>\n<p class=\"link-more\"><a href=\"https:\/\/www.maerkerwald-schule-urbach.de\/?page_id=25\" class=\"more-link\"><span class=\"screen-reader-text\">\u201eBetreuende Grundschule\u201c <\/span>weiterlesen<\/a><\/p>\n","protected":false},"author":7,"featured_media":0,"parent":111,"menu_order":0,"comment_status":"closed","ping_status":"closed","template":"","meta":{"footnotes":""},"class_list":["post-25","page","type-page","status-publish","hentry"],"_links":{"self":[{"href":"https:\/\/www.maerkerwald-schule-urbach.de\/index.php?rest_route=\/wp\/v2\/pages\/25","targetHints":{"allow":["GET"]}}],"collection":[{"href":"https:\/\/www.maerkerwald-schule-urbach.de\/index.php?rest_route=\/wp\/v2\/pages"}],"about":[{"href":"https:\/\/www.maerkerwald-schule-urbach.de\/index.php?rest_route=\/wp\/v2\/types\/page"}],"author":[{"embeddable":true,"href":"https:\/\/www.maerkerwald-schule-urbach.de\/index.php?rest_route=\/wp\/v2\/users\/7"}],"replies":[{"embeddable":true,"href":"https:\/\/www.maerkerwald-schule-urbach.de\/index.php?rest_route=%2Fwp%2Fv2%2Fcomments&post=25"}],"version-history":[{"count":12,"href":"https:\/\/www.maerkerwald-schule-urbach.de\/index.php?rest_route=\/wp\/v2\/pages\/25\/revisions"}],"predecessor-version":[{"id":1553,"href":"https:\/\/www.maerkerwald-schule-urbach.de\/index.php?rest_route=\/wp\/v2\/pages\/25\/revisions\/1553"}],"up":[{"embeddable":true,"href":"https:\/\/www.maerkerwald-schule-urbach.de\/index.php?rest_route=\/wp\/v2\/pages\/111"}],"wp:attachment":[{"href":"https:\/\/www.maerkerwald-schule-urbach.de\/index.php?rest_route=%2Fwp%2Fv2%2Fmedia&parent=25"}],"curies":[{"name":"wp","href":"https:\/\/api.w.org\/{rel}","templated":true}]}}