{"id":348,"date":"2019-04-24T06:49:36","date_gmt":"2019-04-24T06:49:36","guid":{"rendered":"https:\/\/www.maerkerwald-schule-urbach.de\/?page_id=348"},"modified":"2025-12-15T16:01:37","modified_gmt":"2025-12-15T15:01:37","slug":"foerderverein-sucht-foerderer","status":"publish","type":"page","link":"https:\/\/www.maerkerwald-schule-urbach.de\/?page_id=348","title":{"rendered":"<strong>Was ist der F\u00f6rderverein?<\/strong>"},"content":{"rendered":"\n<p class=\"has-text-align-left has-very-dark-gray-color has-text-color has-medium-font-size\">Der F\u00f6rderverein der M\u00e4rkerwald-Schule ist ein Zusammenschluss von  Lehrerkr\u00e4ften, Eltern und Freunden der Schule. Alle Mitglieder sind ehrenamtlich t\u00e4tig.  Auf der Jahreshauptversammlung am 28.10.21 wurde ein neuer Vorstand gew\u00e4hlt: <\/p>\n\n\n\n<p class=\"has-text-align-left has-black-color has-white-background-color has-text-color has-background has-medium-font-size\"><strong>1. Vorsitzender:  Dr. Tim Wolf <\/strong><\/p>\n\n\n\n<p class=\"has-text-align-left has-black-color has-white-background-color has-text-color has-background has-medium-font-size\"><strong>2. Vorsitzender:  Daniel Schneider <\/strong><\/p>\n\n\n\n<p class=\"has-text-align-left has-black-color has-white-background-color has-text-color has-background has-medium-font-size\"><strong>Schatzmeister:  Rudi Kemling<\/strong><\/p>\n\n\n\n<p class=\"has-text-align-left has-black-color has-white-background-color has-text-color has-background has-medium-font-size\"><strong> Schriftf\u00fchrerin:  Kerstin Wolf<\/strong><\/p>\n\n\n\n<p class=\"has-text-align-left has-black-color has-white-background-color has-text-color has-background has-medium-font-size\">Beisitzerinnnen: Larissa D\u00fcrksen, Melanie Fr\u00f6mberg, Fatima Schneider<\/p>\n\n\n\n<p class=\"has-cyan-bluish-gray-color has-text-color\"><strong>Vorstellung des F\u00f6rdervereins<\/strong><\/p>\n\n\n\n<div data-wp-interactive=\"core\/file\" class=\"wp-block-file\"><object data-wp-bind--hidden=\"!state.hasPdfPreview\" hidden class=\"wp-block-file__embed\" data=\"https:\/\/www.maerkerwald-schule-urbach.de\/wp-content\/uploads\/2025\/12\/202511_Vorstellung-Foerderverein-Maerkerwaldschule-1.pdf\" type=\"application\/pdf\" style=\"width:100%;height:600px\" aria-label=\"Einbettung von Vorstellung F\u00f6rderverein M\u00e4rkerwaldschule.\"><\/object><a id=\"wp-block-file--media-c17b9be0-7112-4fa3-89be-c960fa2e2ef3\" href=\"https:\/\/www.maerkerwald-schule-urbach.de\/wp-content\/uploads\/2025\/12\/202511_Vorstellung-Foerderverein-Maerkerwaldschule-1.pdf\">Vorstellung F\u00f6rderverein M\u00e4rkerwaldschule<\/a><a href=\"https:\/\/www.maerkerwald-schule-urbach.de\/wp-content\/uploads\/2025\/12\/202511_Vorstellung-Foerderverein-Maerkerwaldschule-1.pdf\" class=\"wp-block-file__button wp-element-button\" download aria-describedby=\"wp-block-file--media-c17b9be0-7112-4fa3-89be-c960fa2e2ef3\">Herunterladen<\/a><\/div>\n\n\n\n<h2 class=\"wp-block-heading has-cyan-bluish-gray-color has-text-color\"><strong>Welche Projekte unterst\u00fctzt der F\u00f6rderverein?<\/strong><\/h2>\n\n\n\n<div class=\"wp-block-media-text is-stacked-on-mobile\" style=\"grid-template-columns:15% auto\"><figure class=\"wp-block-media-text__media\"><\/figure><div class=\"wp-block-media-text__content\"><\/div><\/div>\n\n\n<div class=\"wp-block-image\">\n<figure class=\"alignleft size-large is-resized\"><img loading=\"lazy\" decoding=\"async\" width=\"1024\" height=\"683\" src=\"https:\/\/www.maerkerwald-schule-urbach.de\/wp-content\/uploads\/2022\/12\/FoeV-Fots-Schj-22-23-1-1024x683.jpg\" alt=\"\" class=\"wp-image-1470\" style=\"width:538px;height:358px\" srcset=\"https:\/\/www.maerkerwald-schule-urbach.de\/wp-content\/uploads\/2022\/12\/FoeV-Fots-Schj-22-23-1-1024x683.jpg 1024w, https:\/\/www.maerkerwald-schule-urbach.de\/wp-content\/uploads\/2022\/12\/FoeV-Fots-Schj-22-23-1-300x200.jpg 300w, https:\/\/www.maerkerwald-schule-urbach.de\/wp-content\/uploads\/2022\/12\/FoeV-Fots-Schj-22-23-1-768x512.jpg 768w, https:\/\/www.maerkerwald-schule-urbach.de\/wp-content\/uploads\/2022\/12\/FoeV-Fots-Schj-22-23-1-1536x1024.jpg 1536w, https:\/\/www.maerkerwald-schule-urbach.de\/wp-content\/uploads\/2022\/12\/FoeV-Fots-Schj-22-23-1.jpg 2048w\" sizes=\"auto, (max-width: 767px) 89vw, (max-width: 1000px) 54vw, (max-width: 1071px) 543px, 580px\" \/><figcaption class=\"wp-element-caption\"> z.B. B\u00fccher f\u00fcr die B\u00fccherei <\/figcaption><\/figure>\n<\/div>\n\n\n<p><\/p>\n\n\n\n<p><\/p>\n\n\n\n<p><\/p>\n\n\n<div class=\"wp-block-image\">\n<figure class=\"alignleft size-large is-resized\"><img loading=\"lazy\" decoding=\"async\" width=\"996\" height=\"1024\" src=\"https:\/\/www.maerkerwald-schule-urbach.de\/wp-content\/uploads\/2022\/12\/FoeV-Fots-Schj-22-23-5-996x1024.jpg\" alt=\"\" class=\"wp-image-1471\" style=\"width:487px;height:500px\" srcset=\"https:\/\/www.maerkerwald-schule-urbach.de\/wp-content\/uploads\/2022\/12\/FoeV-Fots-Schj-22-23-5-996x1024.jpg 996w, https:\/\/www.maerkerwald-schule-urbach.de\/wp-content\/uploads\/2022\/12\/FoeV-Fots-Schj-22-23-5-292x300.jpg 292w, https:\/\/www.maerkerwald-schule-urbach.de\/wp-content\/uploads\/2022\/12\/FoeV-Fots-Schj-22-23-5-768x790.jpg 768w, https:\/\/www.maerkerwald-schule-urbach.de\/wp-content\/uploads\/2022\/12\/FoeV-Fots-Schj-22-23-5-1493x1536.jpg 1493w, https:\/\/www.maerkerwald-schule-urbach.de\/wp-content\/uploads\/2022\/12\/FoeV-Fots-Schj-22-23-5.jpg 1991w\" sizes=\"auto, (max-width: 767px) 89vw, (max-width: 1000px) 54vw, (max-width: 1071px) 543px, 580px\" \/><figcaption class=\"wp-element-caption\">z.B. Kutsche und Racer f\u00fcr den Schulhof<\/figcaption><\/figure>\n<\/div>\n\n\n<p><\/p>\n\n\n\n<p><\/p>\n\n\n\n<p><\/p>\n\n\n\n<p><\/p>\n\n\n\n<p><\/p>\n\n\n\n<p><\/p>\n\n\n\n<figure class=\"wp-block-image size-large is-resized\"><img loading=\"lazy\" decoding=\"async\" width=\"683\" height=\"1024\" src=\"https:\/\/www.maerkerwald-schule-urbach.de\/wp-content\/uploads\/2022\/12\/FoeV-Fots-Schj-22-23-8-683x1024.jpg\" alt=\"\" class=\"wp-image-1478\" style=\"width:491px;height:736px\" srcset=\"https:\/\/www.maerkerwald-schule-urbach.de\/wp-content\/uploads\/2022\/12\/FoeV-Fots-Schj-22-23-8-683x1024.jpg 683w, https:\/\/www.maerkerwald-schule-urbach.de\/wp-content\/uploads\/2022\/12\/FoeV-Fots-Schj-22-23-8-200x300.jpg 200w, https:\/\/www.maerkerwald-schule-urbach.de\/wp-content\/uploads\/2022\/12\/FoeV-Fots-Schj-22-23-8-768x1152.jpg 768w, https:\/\/www.maerkerwald-schule-urbach.de\/wp-content\/uploads\/2022\/12\/FoeV-Fots-Schj-22-23-8-1024x1536.jpg 1024w, https:\/\/www.maerkerwald-schule-urbach.de\/wp-content\/uploads\/2022\/12\/FoeV-Fots-Schj-22-23-8.jpg 1365w\" sizes=\"auto, (max-width: 683px) 100vw, 683px\" \/><figcaption class=\"wp-element-caption\">z.B. Fl\u00f6ten<\/figcaption><\/figure>\n\n\n\n<p><\/p>\n\n\n\n<p class=\"has-medium-font-size\"><strong>Wie kann ich  den F\u00f6rderverein unterst\u00fctzen?<\/strong><\/p>\n\n\n\n<p class=\"has-medium-font-size\">Am besten werden Sie  noch heute  Mitglied! <br><br>Als Mitglied haben Sie die  M\u00f6glichkeit, das Umfeld  Ihres  Kindes aktiv mitzugestalten. In der  j\u00e4hrlichen  Mitgliederversammlung  entscheiden Sie per Stimmrecht \u00fcber  die  Aktivit\u00e4ten und F\u00f6rderungen  genauso mit wie \u00fcber die Wahl des Vorstandes. <br>Mitglieder, die auch  selber gerne aktiv im Vorstand t\u00e4tig sein wollen, sind uns jederzeit herzlich willkommen!   <\/p>\n\n\n\n<p class=\"has-very-dark-gray-color has-text-color has-medium-font-size\"><strong>Was f\u00f6rdern und unterst\u00fctzen wir konkret?  <\/strong><\/p>\n\n\n\n<p class=\"has-medium-font-size\"><br><\/p>\n\n\n\n<div class=\"wp-block-media-text alignwide has-media-on-the-right is-stacked-on-mobile\" style=\"grid-template-columns:auto 85%\"><div class=\"wp-block-media-text__content\">\n<p class=\"has-medium-font-size\"> <br><br><\/p>\n\n\n\n<p><\/p>\n\n\n\n<p><\/p>\n<\/div><figure class=\"wp-block-media-text__media\"><img loading=\"lazy\" decoding=\"async\" width=\"414\" height=\"811\" src=\"https:\/\/www.maerkerwald-schule-urbach.de\/wp-content\/uploads\/2019\/05\/Bild-F\u00f6V-MVS-II.jpg\" alt=\"\" class=\"wp-image-381 size-full\" srcset=\"https:\/\/www.maerkerwald-schule-urbach.de\/wp-content\/uploads\/2019\/05\/Bild-F\u00f6V-MVS-II.jpg 414w, https:\/\/www.maerkerwald-schule-urbach.de\/wp-content\/uploads\/2019\/05\/Bild-F\u00f6V-MVS-II-153x300.jpg 153w\" sizes=\"auto, (max-width: 414px) 100vw, 414px\" \/><\/figure><\/div>\n\n\n\n<p class=\"has-vivid-red-color has-text-color\" style=\"font-size:25px\"><strong>F\u00fcr nur \u20ac 1,00 im Monat (\u20ac 12,00 Mindestjahresbeitrag) sind Sie schon dabei!<\/strong><\/p>\n\n\n\n<p class=\"has-text-align-left has-very-dark-gray-color has-text-color\" style=\"font-size:25px\"><strong>Wie kann ich Mitglied werden?<\/strong><\/p>\n\n\n\n<p class=\"has-medium-font-size\">Ganz einfach! <a aria-label=\"Mitgliedsformular  (\u00f6ffnet in neuem Tab)\" href=\"https:\/\/www.maerkerwald-schule-urbach.de\/?attachment_id=421\" target=\"_blank\" rel=\"noreferrer noopener\">Mitgliedsformular <\/a>herunterladen und an die M\u00e4rkerwald-Schule zur\u00fcck senden!<\/p>\n\n\n\n<p class=\"has-text-align-left has-very-dark-gray-color has-text-color\" style=\"font-size:25px\"><strong>Wie kann ich den F\u00f6rderverein unterst\u00fctzen, ohne Mitglied zu werden? <\/strong><\/p>\n\n\n\n<p class=\"has-medium-font-size\">Spenden Sie einfach f\u00fcr ausgesuchte Projekte, Anschaffungen oder die gesamte Arbeit! <\/p>\n\n\n\n<p class=\"has-text-align-center has-medium-font-size\"><strong>Bankverbindung<\/strong><\/p>\n\n\n\n<p class=\"has-text-align-center has-vivid-red-color has-text-color has-medium-font-size\"><strong>Westerwald Bank <\/strong><\/p>\n\n\n\n<p class=\"has-text-align-center has-vivid-red-color has-text-color has-medium-font-size\"><strong> IBAN   <\/strong><br><strong>DE63 5739 1800 0004 4327 03  <\/strong><br><\/p>\n\n\n\n<p class=\"has-text-align-center has-vivid-red-color has-text-color has-medium-font-size\"><strong>BIC  <\/strong><br><strong>GENODE51WW1 <\/strong> <\/p>\n\n\n\n<p class=\"has-small-font-size\">Mitgliedsbeitr\u00e4ge und Spenden an den F\u00f6rderverein sind steuerlich abzugsf\u00e4hig. Spendenquittungen werden auf Wunsch ausgestellt.<\/p>\n\n\n","protected":false},"excerpt":{"rendered":"<p>Der F\u00f6rderverein der M\u00e4rkerwald-Schule ist ein Zusammenschluss von Lehrerkr\u00e4ften, Eltern und Freunden der Schule. Alle Mitglieder sind ehrenamtlich t\u00e4tig. Auf der Jahreshauptversammlung am 28.10.21 wurde ein neuer Vorstand gew\u00e4hlt: 1. Vorsitzender: Dr. Tim Wolf 2. Vorsitzender: Daniel Schneider Schatzmeister: Rudi Kemling Schriftf\u00fchrerin: Kerstin Wolf Beisitzerinnnen: Larissa D\u00fcrksen, Melanie Fr\u00f6mberg, Fatima Schneider Vorstellung des F\u00f6rdervereins Welche &hellip; <\/p>\n<p class=\"link-more\"><a href=\"https:\/\/www.maerkerwald-schule-urbach.de\/?page_id=348\" class=\"more-link\"><span class=\"screen-reader-text\">\u201e<strong>Was ist der F\u00f6rderverein?<\/strong>\u201c <\/span>weiterlesen<\/a><\/p>\n","protected":false},"author":8,"featured_media":0,"parent":63,"menu_order":1,"comment_status":"closed","ping_status":"closed","template":"","meta":{"footnotes":"[]"},"class_list":["post-348","page","type-page","status-publish","hentry"],"_links":{"self":[{"href":"https:\/\/www.maerkerwald-schule-urbach.de\/index.php?rest_route=\/wp\/v2\/pages\/348","targetHints":{"allow":["GET"]}}],"collection":[{"href":"https:\/\/www.maerkerwald-schule-urbach.de\/index.php?rest_route=\/wp\/v2\/pages"}],"about":[{"href":"https:\/\/www.maerkerwald-schule-urbach.de\/index.php?rest_route=\/wp\/v2\/types\/page"}],"author":[{"embeddable":true,"href":"https:\/\/www.maerkerwald-schule-urbach.de\/index.php?rest_route=\/wp\/v2\/users\/8"}],"replies":[{"embeddable":true,"href":"https:\/\/www.maerkerwald-schule-urbach.de\/index.php?rest_route=%2Fwp%2Fv2%2Fcomments&post=348"}],"version-history":[{"count":35,"href":"https:\/\/www.maerkerwald-schule-urbach.de\/index.php?rest_route=\/wp\/v2\/pages\/348\/revisions"}],"predecessor-version":[{"id":1799,"href":"https:\/\/www.maerkerwald-schule-urbach.de\/index.php?rest_route=\/wp\/v2\/pages\/348\/revisions\/1799"}],"up":[{"embeddable":true,"href":"https:\/\/www.maerkerwald-schule-urbach.de\/index.php?rest_route=\/wp\/v2\/pages\/63"}],"wp:attachment":[{"href":"https:\/\/www.maerkerwald-schule-urbach.de\/index.php?rest_route=%2Fwp%2Fv2%2Fmedia&parent=348"}],"curies":[{"name":"wp","href":"https:\/\/api.w.org\/{rel}","templated":true}]}}