{"id":50,"date":"2016-09-03T14:26:15","date_gmt":"2016-09-03T13:26:15","guid":{"rendered":"http:\/\/dev.maerkerwald-schule-urbach.de\/?page_id=50"},"modified":"2021-08-04T15:44:58","modified_gmt":"2021-08-04T14:44:58","slug":"krankmeldungenentschuldigungen","status":"publish","type":"page","link":"https:\/\/www.maerkerwald-schule-urbach.de\/?page_id=50","title":{"rendered":"Krankmeldungen"},"content":{"rendered":"<p>Sollte Ihr Kind an einem Tag nicht zum Unterricht kommen k\u00f6nnen, entschuldigen Sie es bitte unbedingt <strong>vor Unterrichtsbeginn<\/strong> telefonisch in der Schule, damit keine unn\u00f6tigen Nachforschungen erfolgen m\u00fcssen. Fehlt ein Kind unentschuldigt, wird die Lehrkraft Sie anrufen, um sicherzugehen, dass Ihrem Kind auf dem Schulweg nichts passiert ist. Bei l\u00e4ngerer Krankheit muss der Schule am dritten Tag eine Entschuldigung vorliegen. Diese sollte neben Namen auch die Dauer und den Grund des Fehlens (z.B. Erkrankung) beinhalten. Daf\u00fcr k\u00f6nnen Sie die entsprechenden Seiten im Schulplaner benutzen. Sollte dies nicht ausreichen, finden Sie hier eine Vorlage als Musterentschuldigung.<\/p>\n","protected":false},"excerpt":{"rendered":"<p>Sollte Ihr Kind an einem Tag nicht zum Unterricht kommen k\u00f6nnen, entschuldigen Sie es bitte unbedingt vor Unterrichtsbeginn telefonisch in der Schule, damit keine unn\u00f6tigen Nachforschungen erfolgen m\u00fcssen. Fehlt ein Kind unentschuldigt, wird die Lehrkraft Sie anrufen, um sicherzugehen, dass Ihrem Kind auf dem Schulweg nichts passiert ist. Bei l\u00e4ngerer Krankheit muss der Schule am &hellip; <\/p>\n<p class=\"link-more\"><a href=\"https:\/\/www.maerkerwald-schule-urbach.de\/?page_id=50\" class=\"more-link\"><span class=\"screen-reader-text\">\u201eKrankmeldungen\u201c <\/span>weiterlesen<\/a><\/p>\n","protected":false},"author":7,"featured_media":0,"parent":44,"menu_order":0,"comment_status":"closed","ping_status":"closed","template":"","meta":{"footnotes":""},"class_list":["post-50","page","type-page","status-publish","hentry"],"_links":{"self":[{"href":"https:\/\/www.maerkerwald-schule-urbach.de\/index.php?rest_route=\/wp\/v2\/pages\/50","targetHints":{"allow":["GET"]}}],"collection":[{"href":"https:\/\/www.maerkerwald-schule-urbach.de\/index.php?rest_route=\/wp\/v2\/pages"}],"about":[{"href":"https:\/\/www.maerkerwald-schule-urbach.de\/index.php?rest_route=\/wp\/v2\/types\/page"}],"author":[{"embeddable":true,"href":"https:\/\/www.maerkerwald-schule-urbach.de\/index.php?rest_route=\/wp\/v2\/users\/7"}],"replies":[{"embeddable":true,"href":"https:\/\/www.maerkerwald-schule-urbach.de\/index.php?rest_route=%2Fwp%2Fv2%2Fcomments&post=50"}],"version-history":[{"count":6,"href":"https:\/\/www.maerkerwald-schule-urbach.de\/index.php?rest_route=\/wp\/v2\/pages\/50\/revisions"}],"predecessor-version":[{"id":1136,"href":"https:\/\/www.maerkerwald-schule-urbach.de\/index.php?rest_route=\/wp\/v2\/pages\/50\/revisions\/1136"}],"up":[{"embeddable":true,"href":"https:\/\/www.maerkerwald-schule-urbach.de\/index.php?rest_route=\/wp\/v2\/pages\/44"}],"wp:attachment":[{"href":"https:\/\/www.maerkerwald-schule-urbach.de\/index.php?rest_route=%2Fwp%2Fv2%2Fmedia&parent=50"}],"curies":[{"name":"wp","href":"https:\/\/api.w.org\/{rel}","templated":true}]}}