{"id":53,"date":"2016-09-03T14:26:29","date_gmt":"2016-09-03T13:26:29","guid":{"rendered":"http:\/\/dev.maerkerwald-schule-urbach.de\/?page_id=53"},"modified":"2021-08-04T15:41:26","modified_gmt":"2021-08-04T14:41:26","slug":"beurlaubungen","status":"publish","type":"page","link":"https:\/\/www.maerkerwald-schule-urbach.de\/?page_id=53","title":{"rendered":"Beurlaubungen"},"content":{"rendered":"<p>Eine Beurlaubung vom Unterricht kann laut Grundschulordnung (\u00a723) nur aus wichtigem Grund erfolgen.<\/p>\n<p>Eine Beurlaubung f\u00fcr eine einzelne Stunde kann die jeweilige Lehrkraft gew\u00e4hren. Die Klassenleitung kann ihr Kind bis zu drei Tage vom Unterricht befreien.<\/p>\n<p>Beurlaubungen f\u00fcr alle l\u00e4ngeren Zeiten, auch f\u00fcr Kurma\u00dfnahmen, k\u00f6nnen nur durch die Schulleitung erfolgen.<\/p>\n<p>Beurlaubungen vor und nach den Ferien sollten laut Grundschulordnung nicht bzw. nur in besonders begr\u00fcndeten Einzelf\u00e4llen ausgesprochen werden. Sie k\u00f6nnen nur durch die Schulleitung erfolgen.<\/p>\n","protected":false},"excerpt":{"rendered":"<p>Eine Beurlaubung vom Unterricht kann laut Grundschulordnung (\u00a723) nur aus wichtigem Grund erfolgen. Eine Beurlaubung f\u00fcr eine einzelne Stunde kann die jeweilige Lehrkraft gew\u00e4hren. Die Klassenleitung kann ihr Kind bis zu drei Tage vom Unterricht befreien. Beurlaubungen f\u00fcr alle l\u00e4ngeren Zeiten, auch f\u00fcr Kurma\u00dfnahmen, k\u00f6nnen nur durch die Schulleitung erfolgen. Beurlaubungen vor und nach den &hellip; <\/p>\n<p class=\"link-more\"><a href=\"https:\/\/www.maerkerwald-schule-urbach.de\/?page_id=53\" class=\"more-link\"><span class=\"screen-reader-text\">\u201eBeurlaubungen\u201c <\/span>weiterlesen<\/a><\/p>\n","protected":false},"author":7,"featured_media":0,"parent":44,"menu_order":0,"comment_status":"closed","ping_status":"closed","template":"","meta":{"footnotes":""},"class_list":["post-53","page","type-page","status-publish","hentry"],"_links":{"self":[{"href":"https:\/\/www.maerkerwald-schule-urbach.de\/index.php?rest_route=\/wp\/v2\/pages\/53","targetHints":{"allow":["GET"]}}],"collection":[{"href":"https:\/\/www.maerkerwald-schule-urbach.de\/index.php?rest_route=\/wp\/v2\/pages"}],"about":[{"href":"https:\/\/www.maerkerwald-schule-urbach.de\/index.php?rest_route=\/wp\/v2\/types\/page"}],"author":[{"embeddable":true,"href":"https:\/\/www.maerkerwald-schule-urbach.de\/index.php?rest_route=\/wp\/v2\/users\/7"}],"replies":[{"embeddable":true,"href":"https:\/\/www.maerkerwald-schule-urbach.de\/index.php?rest_route=%2Fwp%2Fv2%2Fcomments&post=53"}],"version-history":[{"count":5,"href":"https:\/\/www.maerkerwald-schule-urbach.de\/index.php?rest_route=\/wp\/v2\/pages\/53\/revisions"}],"predecessor-version":[{"id":1138,"href":"https:\/\/www.maerkerwald-schule-urbach.de\/index.php?rest_route=\/wp\/v2\/pages\/53\/revisions\/1138"}],"up":[{"embeddable":true,"href":"https:\/\/www.maerkerwald-schule-urbach.de\/index.php?rest_route=\/wp\/v2\/pages\/44"}],"wp:attachment":[{"href":"https:\/\/www.maerkerwald-schule-urbach.de\/index.php?rest_route=%2Fwp%2Fv2%2Fmedia&parent=53"}],"curies":[{"name":"wp","href":"https:\/\/api.w.org\/{rel}","templated":true}]}}