{"id":579,"date":"2020-05-25T08:51:54","date_gmt":"2020-05-25T07:51:54","guid":{"rendered":"https:\/\/www.maerkerwald-schule-urbach.de\/?page_id=579"},"modified":"2023-09-21T07:02:56","modified_gmt":"2023-09-21T06:02:56","slug":"notbetreuung","status":"publish","type":"page","link":"https:\/\/www.maerkerwald-schule-urbach.de\/?page_id=579","title":{"rendered":"Betreuende Grundschule"},"content":{"rendered":"\n<p>Die Betreuung an der M\u00e4rkerwald-Schule findet ab 12.00 Uhr bzw. ab 13.00 Uhr und bis max. 16.00 Uhr statt. <\/p>\n\n\n\n<p>Bitte beachten Sie: <strong>Wenn Sie Ihr Kind f\u00fcr die Betreuung anmelden, gilt dies f\u00fcr ein Schuljahr und ist f\u00fcr dieses Schuljahr verpflichtend.<\/strong> Zum neuen Schuljahr m\u00fcssen Sie Ihr Kind jeweils erneut anmelden. Sollten Sie Ihr Kind im Laufe des Schuljahres von der Betreuung abmelden wollen, ist dies nur in Absprache mit der Verbandsgemeinde Puderbach m\u00f6glich. Wenn Sie im Laufe des Schuljahres weniger oder mehr Stunden an Betreuung ben\u00f6tigen, m\u00fcssen Sie dies ebenfalls mit der Verbandsgemeinde Puderbach kl\u00e4ren. Einen entsprechenden Wunsch k\u00f6nnen Sie uns \u00fcber das Sekretariat mitteilen: <span style=\"background-color:rgba(0, 0, 0, 0)\" class=\"has-inline-color has-vivid-cyan-blue-color\"><strong>sekretariat@maerkerwald-schule.de<\/strong> <\/span><\/p>\n\n\n\n<p>Wenn sich die Betreuungszeiten Ihres Kindes l\u00e4ngerfristig \u00e4ndern sollte,  geben Sie auch der Klassenleitung Ihres Kindes Bescheid! Wenn sich die Betreuungszeit Ihres Kindes <strong>an einem Tag aus aktuellen Gegebenheiten <\/strong>\u00e4ndert, k\u00f6nnen Sie <strong>das Betreuungsteam direkt anrufen. <\/strong>Die Handynummer lautet: <strong>0151-65201731<\/strong>. Eine Mailbox ist eingerichtet. Geben Sie immer den Namen Ihres Kindes und die Klasse an. Telefonische oder m\u00fcndliche \u00c4nderungsw\u00fcnsche <strong>der t\u00e4glichen Betreuungszeit<\/strong> werden \u00fcber die Telefonnummer der Schule nicht angenommen!<\/p>\n\n\n\n<p><\/p>\n","protected":false},"excerpt":{"rendered":"<p>Die Betreuung an der M\u00e4rkerwald-Schule findet ab 12.00 Uhr bzw. ab 13.00 Uhr und bis max. 16.00 Uhr statt. Bitte beachten Sie: Wenn Sie Ihr Kind f\u00fcr die Betreuung anmelden, gilt dies f\u00fcr ein Schuljahr und ist f\u00fcr dieses Schuljahr verpflichtend. Zum neuen Schuljahr m\u00fcssen Sie Ihr Kind jeweils erneut anmelden. Sollten Sie Ihr Kind &hellip; <\/p>\n<p class=\"link-more\"><a href=\"https:\/\/www.maerkerwald-schule-urbach.de\/?page_id=579\" class=\"more-link\"><span class=\"screen-reader-text\">\u201eBetreuende Grundschule\u201c <\/span>weiterlesen<\/a><\/p>\n","protected":false},"author":7,"featured_media":0,"parent":573,"menu_order":0,"comment_status":"closed","ping_status":"closed","template":"","meta":{"footnotes":""},"class_list":["post-579","page","type-page","status-publish","hentry"],"_links":{"self":[{"href":"https:\/\/www.maerkerwald-schule-urbach.de\/index.php?rest_route=\/wp\/v2\/pages\/579","targetHints":{"allow":["GET"]}}],"collection":[{"href":"https:\/\/www.maerkerwald-schule-urbach.de\/index.php?rest_route=\/wp\/v2\/pages"}],"about":[{"href":"https:\/\/www.maerkerwald-schule-urbach.de\/index.php?rest_route=\/wp\/v2\/types\/page"}],"author":[{"embeddable":true,"href":"https:\/\/www.maerkerwald-schule-urbach.de\/index.php?rest_route=\/wp\/v2\/users\/7"}],"replies":[{"embeddable":true,"href":"https:\/\/www.maerkerwald-schule-urbach.de\/index.php?rest_route=%2Fwp%2Fv2%2Fcomments&post=579"}],"version-history":[{"count":23,"href":"https:\/\/www.maerkerwald-schule-urbach.de\/index.php?rest_route=\/wp\/v2\/pages\/579\/revisions"}],"predecessor-version":[{"id":1579,"href":"https:\/\/www.maerkerwald-schule-urbach.de\/index.php?rest_route=\/wp\/v2\/pages\/579\/revisions\/1579"}],"up":[{"embeddable":true,"href":"https:\/\/www.maerkerwald-schule-urbach.de\/index.php?rest_route=\/wp\/v2\/pages\/573"}],"wp:attachment":[{"href":"https:\/\/www.maerkerwald-schule-urbach.de\/index.php?rest_route=%2Fwp%2Fv2%2Fmedia&parent=579"}],"curies":[{"name":"wp","href":"https:\/\/api.w.org\/{rel}","templated":true}]}}